{"id":22,"date":"2026-02-27T08:25:24","date_gmt":"2026-02-27T08:25:24","guid":{"rendered":"https:\/\/lavender-weasel-804745.hostingersite.com\/?page_id=22"},"modified":"2026-04-15T05:01:36","modified_gmt":"2026-04-15T05:01:36","slug":"sobre-nosotros-fabricante-de-tostadoras-en-china","status":"publish","type":"page","link":"https:\/\/juventinicn.com\/es\/toaster-manufacturer-in-china-about-us\/","title":{"rendered":"Sobre Nosotros"},"content":{"rendered":"<div data-elementor-type=\"wp-page\" data-elementor-id=\"22\" class=\"elementor elementor-22\" data-elementor-post-type=\"page\">\n\t\t\t\t<div class=\"elementor-element elementor-element-f197b7e e-con-full e-flex e-con e-parent\" data-id=\"f197b7e\" data-element_type=\"container\" data-e-type=\"container\" data-settings=\"{&quot;background_background&quot;:&quot;classic&quot;}\">\n\t\t\t\t<div class=\"elementor-element elementor-element-67106a6 elementor-widget elementor-widget-heading\" data-id=\"67106a6\" data-element_type=\"widget\" data-e-type=\"widget\" data-widget_type=\"heading.default\">\n\t\t\t\t\t<h1 class=\"elementor-heading-title elementor-size-default\">Ningbo Juventini: Fabricante profesional de tostadoras pop-up<\/h1>\t\t\t\t<\/div>\n\t\t\t\t<\/div>\n\t\t<div class=\"elementor-element elementor-element-ed47697 e-flex e-con-boxed e-con e-parent\" data-id=\"ed47697\" data-element_type=\"container\" data-e-type=\"container\">\n\t\t\t\t\t<div class=\"e-con-inner\">\n\t\t<div class=\"elementor-element elementor-element-89e7ce7 e-con-full e-flex e-con e-child\" data-id=\"89e7ce7\" data-element_type=\"container\" data-e-type=\"container\">\n\t\t\t\t<div class=\"elementor-element elementor-element-e8d8b62 elementor-widget elementor-widget-heading\" data-id=\"e8d8b62\" data-element_type=\"widget\" data-e-type=\"widget\" data-widget_type=\"heading.default\">\n\t\t\t\t\t<h2 class=\"elementor-heading-title elementor-size-default\">Ofreciendo soluciones de desayuno premium OEM\/ODM<\/h2>\t\t\t\t<\/div>\n\t\t\t\t<\/div>\n\t\t<div class=\"elementor-element elementor-element-68be476 e-con-full e-flex e-con e-child\" data-id=\"68be476\" data-element_type=\"container\" data-e-type=\"container\">\n\t\t\t\t<div class=\"elementor-element elementor-element-a34c0a7 elementor-widget elementor-widget-image\" data-id=\"a34c0a7\" data-element_type=\"widget\" data-e-type=\"widget\" data-widget_type=\"image.default\">\n\t\t\t\t\t\t\t\t\t\t\t\t\t\t\t<img fetchpriority=\"high\" decoding=\"async\" width=\"300\" height=\"278\" src=\"https:\/\/juventinicn.com\/wp-content\/uploads\/2026\/04\/ningbo-juventini-toaster-factory-quality-control-testing-room-300x278.webp\" class=\"attachment-medium size-medium wp-image-1121\" alt=\"En el laboratorio de pruebas de Juventini en Ningbo, nuestro equipo de control de calidad ejecuta pruebas de funcionamiento rigurosas para asegurar que cada tostadora cumpla con los est\u00e1ndares internacionales exigidos por nuestros socios B2B.\" srcset=\"\" sizes=\"(max-width: 300px) 100vw, 300px\" data-srcset=\"\" \/>\t\t\t\t\t\t\t\t\t\t\t\t\t\t\t<\/div>\n\t\t\t\t<\/div>\n\t\t<div class=\"elementor-element elementor-element-136d497 e-con-full e-flex e-con e-child\" data-id=\"136d497\" data-element_type=\"container\" data-e-type=\"container\">\n\t\t\t\t<div class=\"elementor-element elementor-element-4887e2b elementor-widget__width-initial elementor-widget elementor-widget-text-editor\" data-id=\"4887e2b\" data-element_type=\"widget\" data-e-type=\"widget\" data-widget_type=\"text-editor.default\">\n\t\t\t\t\t\t\t\t\t<p data-path-to-node=\"5,1\" class=\"translation-block\">Juventini es un fabricante profesional de tostadoras en China ubicado en Ningbo, el centro global de producci\u00f3n de peque\u00f1os electrodom\u00e9sticos. Nos especializamos en la investigaci\u00f3n y desarrollo (I+D), fabricaci\u00f3n y exportaci\u00f3n internacional de tostadoras pop-up de alta calidad, ofreciendo soluciones integrales de OEM y ODM para marcas globales de electrodom\u00e9sticos y distribuidores B2B.<\/p><p data-path-to-node=\"5,2\" class=\"translation-block\"><p>\n  <b>Como proveedor especializado en el sector B2B, mantenemos un pedido m\u00ednimo (MOQ) de 1000 unidades por pedido.<\/b> \n  Nuestra f\u00e1brica est\u00e1 totalmente equipada para cumplir con los est\u00e1ndares internacionales, contando con certificaciones como \n  <b>CE, RoHS y LFGB<\/b>. Tenemos una amplia experiencia atendiendo a importadores profesionales en \n  <b>Rusia y Am\u00e9rica del Sur<\/b>, garantizando que nuestros productos cumplan con los requisitos del mercado local y las normativas el\u00e9ctricas.\n<\/p><\/p>\t\t\t\t\t\t\t\t<\/div>\n\t\t\t\t<\/div>\n\t\t\t\t\t<\/div>\n\t\t\t\t<\/div>\n\t\t<div class=\"elementor-element elementor-element-8e2884a e-flex e-con-boxed e-con e-parent\" data-id=\"8e2884a\" data-element_type=\"container\" data-e-type=\"container\">\n\t\t\t\t\t<div class=\"e-con-inner\">\n\t\t<div class=\"elementor-element elementor-element-13b8447 e-con-full e-flex e-con e-child\" data-id=\"13b8447\" data-element_type=\"container\" data-e-type=\"container\">\n\t\t\t\t<div class=\"elementor-element elementor-element-a3d3ab5 elementor-widget elementor-widget-heading\" data-id=\"a3d3ab5\" data-element_type=\"widget\" data-e-type=\"widget\" data-widget_type=\"heading.default\">\n\t\t\t\t\t<h2 class=\"elementor-heading-title elementor-size-default\">Capacidades de fabricaci\u00f3n avanzada y personalizaci\u00f3n<\/h2>\t\t\t\t<\/div>\n\t\t\t\t<\/div>\n\t\t<div class=\"elementor-element elementor-element-e034130 e-con-full e-flex e-con e-child\" data-id=\"e034130\" data-element_type=\"container\" data-e-type=\"container\">\n\t\t\t\t<div class=\"elementor-element elementor-element-ef1acd8 elementor-widget elementor-widget-image\" data-id=\"ef1acd8\" data-element_type=\"widget\" data-e-type=\"widget\" data-widget_type=\"image.default\">\n\t\t\t\t\t\t\t\t\t\t\t\t\t\t\t<img decoding=\"async\" width=\"300\" height=\"283\" src=\"https:\/\/juventinicn.com\/wp-content\/uploads\/2026\/04\/ningbo-juventini-toaster-factory-production-line.jpg-300x283.webp\" class=\"attachment-medium size-medium wp-image-1119\" alt=\"Juventini factory floor - formerly known as Yuyao Biaohua Electrical Appliance\" srcset=\"\" sizes=\"(max-width: 300px) 100vw, 300px\" data-srcset=\"\" \/>\t\t\t\t\t\t\t\t\t\t\t\t\t\t\t<\/div>\n\t\t\t\t<\/div>\n\t\t<div class=\"elementor-element elementor-element-4591f16 e-con-full e-flex e-con e-child\" data-id=\"4591f16\" data-element_type=\"container\" data-e-type=\"container\">\n\t\t\t\t<div class=\"elementor-element elementor-element-889188f elementor-widget__width-initial elementor-widget elementor-widget-text-editor\" data-id=\"889188f\" data-element_type=\"widget\" data-e-type=\"widget\" data-widget_type=\"text-editor.default\">\n\t\t\t\t\t\t\t\t\t<p class=\"translation-block\">Nuestras l\u00edneas de producci\u00f3n est\u00e1n dise\u00f1adas para ofrecer flexibilidad y escalabilidad. Fabricamos una amplia gama de productos, desde tostadoras compactas de 2 rebanadas con carcasa de PP de tacto fr\u00edo hasta modelos de alta eficiencia de 1300W con 4 rebanadas y ranura larga, dise\u00f1ados para pan artesanal. Ofrecemos una personalizaci\u00f3n integral, que incluye el desarrollo de moldes personalizados, impresi\u00f3n de logotipos en serigraf\u00eda y soluciones de embalaje a medida adaptadas a su mercado objetivo.<\/p>\t\t\t\t\t\t\t\t<\/div>\n\t\t\t\t<\/div>\n\t\t\t\t\t<\/div>\n\t\t\t\t<\/div>\n\t\t<div class=\"elementor-element elementor-element-c9ce4c4 e-flex e-con-boxed e-con e-parent\" data-id=\"c9ce4c4\" data-element_type=\"container\" data-e-type=\"container\">\n\t\t\t\t\t<div class=\"e-con-inner\">\n\t\t<div class=\"elementor-element elementor-element-bb44289 e-con-full e-flex e-con e-child\" data-id=\"bb44289\" data-element_type=\"container\" data-e-type=\"container\">\n\t\t\t\t<div class=\"elementor-element elementor-element-0a07b4a elementor-widget elementor-widget-heading\" data-id=\"0a07b4a\" data-element_type=\"widget\" data-e-type=\"widget\" data-widget_type=\"heading.default\">\n\t\t\t\t\t<h2 class=\"elementor-heading-title elementor-size-default\">Protocolo estricto de control de calidad en 4 etapas<\/h2>\t\t\t\t<\/div>\n\t\t\t\t<\/div>\n\t\t<div class=\"elementor-element elementor-element-d45114d e-con-full e-flex e-con e-child\" data-id=\"d45114d\" data-element_type=\"container\" data-e-type=\"container\">\n\t\t\t\t<div class=\"elementor-element elementor-element-d0b8cfb elementor-widget elementor-widget-image\" data-id=\"d0b8cfb\" data-element_type=\"widget\" data-e-type=\"widget\" data-widget_type=\"image.default\">\n\t\t\t\t\t\t\t\t\t\t\t\t\t\t\t<img decoding=\"async\" width=\"294\" height=\"300\" src=\"https:\/\/juventinicn.com\/wp-content\/uploads\/2026\/04\/china-toaster-factory-ce-rohs-fcm-certification-compliance-1-294x300.webp\" class=\"attachment-medium size-medium wp-image-1122\" alt=\"Tostadoras Juventini: Certificaciones CE, RoHS y FCM. Garant\u00eda de calidad de grado alimentario y cumplimiento de est\u00e1ndares globales.\" srcset=\"\" sizes=\"(max-width: 294px) 100vw, 294px\" data-srcset=\"\" \/>\t\t\t\t\t\t\t\t\t\t\t\t\t\t\t<\/div>\n\t\t\t\t<\/div>\n\t\t<div class=\"elementor-element elementor-element-e035ce3 e-con-full e-flex e-con e-child\" data-id=\"e035ce3\" data-element_type=\"container\" data-e-type=\"container\">\n\t\t\t\t<div class=\"elementor-element elementor-element-c8f51dd elementor-widget__width-initial elementor-widget elementor-widget-text-editor\" data-id=\"c8f51dd\" data-element_type=\"widget\" data-e-type=\"widget\" data-widget_type=\"text-editor.default\">\n\t\t\t\t\t\t\t\t\t<p class=\"translation-block\">La calidad es el pilar de nuestra f\u00e1brica. Ejecutamos un riguroso protocolo de garant\u00eda de calidad (QA) de 4 etapas (IQC, IPQC, FQC, OQC) en todas las l\u00edneas de producci\u00f3n. Cada unidad se somete a una prueba funcional al 100%, que incluye el encendido completo, ciclos de tostado de precisi\u00f3n y la verificaci\u00f3n del mecanismo de expulsi\u00f3n autom\u00e1tica (pop-up). Todas las tostadoras Juventini cumplen plenamente con los est\u00e1ndares internacionales <a href=\"https:\/\/en.wikipedia.org\/wiki\/CE_marking\" target=\"_blank\" rel=\"noopener\">CE<\/a>, RoHS y FCM, garantizando una entrada segura en los mercados globales.<\/p>\t\t\t\t\t\t\t\t<\/div>\n\t\t\t\t<\/div>\n\t\t\t\t\t<\/div>\n\t\t\t\t<\/div>\n\t\t<div class=\"elementor-element elementor-element-4f14932 e-con-full e-flex e-con e-parent\" data-id=\"4f14932\" data-element_type=\"container\" data-e-type=\"container\">\n\t\t\t\t<div class=\"elementor-element elementor-element-ec4e199 elementor-widget-divider--view-line elementor-widget elementor-widget-divider\" data-id=\"ec4e199\" data-element_type=\"widget\" data-e-type=\"widget\" data-widget_type=\"divider.default\">\n\t\t\t\t\t\t\t<div class=\"elementor-divider\">\n\t\t\t<span class=\"elementor-divider-separator\">\n\t\t\t\t\t\t<\/span>\n\t\t<\/div>\n\t\t\t\t\t\t<\/div>\n\t\t\t\t<div class=\"elementor-element elementor-element-74ca4e8 elementor-align-center elementor-widget elementor-widget-button\" data-id=\"74ca4e8\" data-element_type=\"widget\" data-e-type=\"widget\" data-widget_type=\"button.default\">\n\t\t\t\t\t\t\t\t\t\t<a class=\"elementor-button elementor-button-link elementor-size-sm\" href=\"#footer-quote-form\">\n\t\t\t\t\t\t<span class=\"elementor-button-content-wrapper\">\n\t\t\t\t\t\t<span class=\"elementor-button-icon\">\n\t\t\t\t<svg aria-hidden=\"true\" class=\"e-font-icon-svg e-far-arrow-alt-circle-right\" viewbox=\"0 0 512 512\" xmlns=\"http:\/\/www.w3.org\/2000\/svg\"><path d=\"M504 256C504 119 393 8 256 8S8 119 8 256s111 248 248 248 248-111 248-248zm-448 0c0-110.5 89.5-200 200-200s200 89.5 200 200-89.5 200-200 200S56 366.5 56 256zm72 20v-40c0-6.6 5.4-12 12-12h116v-67c0-10.7 12.9-16 20.5-8.5l99 99c4.7 4.7 4.7 12.3 0 17l-99 99c-7.6 7.6-20.5 2.2-20.5-8.5v-67H140c-6.6 0-12-5.4-12-12z\"><\/path><\/svg>\t\t\t<\/span>\n\t\t\t\t\t\t\t\t\t<span class=\"elementor-button-text\">Solicitar una cotizaci\u00f3n<\/span>\n\t\t\t\t\t<\/span>\n\t\t\t\t\t<\/a>\n\t\t\t\t\t\t\t\t<\/div>\n\t\t\t\t<div class=\"elementor-element elementor-element-ad5d8af elementor-widget elementor-widget-text-editor\" data-id=\"ad5d8af\" data-element_type=\"widget\" data-e-type=\"widget\" data-widget_type=\"text-editor.default\">\n\t\t\t\t\t\t\t\t\t<p data-path-to-node=\"11,0\"><b data-path-to-node=\"11,0\" data-index-in-node=\"0\">Preguntas Frecuentes<\/b><\/p><ul data-path-to-node=\"11,1\"><li><p data-path-to-node=\"11,1,0,0\" class=\"translation-block\"><p>\n  <b>P: \u00bfCu\u00e1l es el pedido m\u00ednimo (MOQ)?<\/b><br>\n  R: Nuestro pedido m\u00ednimo (MOQ) es de 1000 unidades por pedido para compradores profesionales B2B.\n<\/p><\/p><\/li><li><p data-path-to-node=\"11,1,1,0\" class=\"translation-block\"><p>\n  <b>P: \u00bfRealizan env\u00edos a Rusia y Am\u00e9rica del Sur?<\/b><br>\n  R: S\u00ed, contamos con una amplia experiencia en estos mercados y cumplimos totalmente con todas las certificaciones requeridas.\n<\/p><\/p><\/li><\/ul>\t\t\t\t\t\t\t\t<\/div>\n\t\t\t\t<div class=\"elementor-element elementor-element-f94f5b1 elementor-widget__width-initial elementor-widget elementor-widget-text-editor\" data-id=\"f94f5b1\" data-element_type=\"widget\" data-e-type=\"widget\" data-widget_type=\"text-editor.default\">\n\t\t\t\t\t\t\t\t\t<div class=\"heritage-section\" style=\"background-color: #f9f9f9; padding: 20px; border-radius: 8px;\"><h3>Nuestra Trayectoria: De Yuyao Biaohua a Juventini<\/h3><p class=\"translation-block\">Ningbo Juventini Electrical Appliance Co., Ltd. contin\u00faa con orgullo el legado de nuestro predecesor, <b>Yuyao Biaohua Electrical Appliance Co., Ltd.<\/b> Con m\u00e1s de 28 a\u00f1os de experiencia en la industria de peque\u00f1os electrodom\u00e9sticos, nos renovamos como Juventini para servir mejor a nuestros socios estrat\u00e9gicos B2B en Rusia, Am\u00e9rica del Sur y el resto del mundo.<\/p><\/div>\t\t\t\t\t\t\t\t<\/div>\n\t\t\t\t<\/div>\n\t\t<div class=\"elementor-element elementor-element-e4fa956 e-flex e-con-boxed e-con e-parent\" data-id=\"e4fa956\" data-element_type=\"container\" data-e-type=\"container\">\n\t\t\t\t\t<div class=\"e-con-inner\">\n\t\t\t\t<div class=\"elementor-element elementor-element-8e879ab elementor-widget elementor-widget-google_maps\" data-id=\"8e879ab\" data-element_type=\"widget\" data-e-type=\"widget\" data-widget_type=\"google_maps.default\">\n\t\t\t\t\t\t\t<div class=\"elementor-custom-embed\">\n\t\t\t<iframe loading=\"lazy\"\n\t\t\t\t\tsrc=\"https:\/\/maps.google.com\/maps?q=simen%20town%20china&#038;t=m&#038;z=12&#038;output=embed&#038;iwloc=near\"\n\t\t\t\t\ttitle=\"Pueblo de Simen\"\n\t\t\t\t\taria-label=\"Pueblo de Simen\"\n\t\t\t><\/iframe>\n\t\t<\/div>\n\t\t\t\t\t\t<\/div>\n\t\t\t\t\t<\/div>\n\t\t\t\t<\/div>\n\t\t\t\t<\/div>","protected":false},"excerpt":{"rendered":"<p>Ningbo Juventini: Professional Pop-up Toaster Manufacturer Delivering Premium OEM\/ODM Breakfast Solutions Juventini is a professional toaster manufacturer in China located in Ningbo, the global hub of small home appliance production. We specialize in the R&amp;D, manufacturing, and international export of high-quality pop-up toasters, providing comprehensive OEM and ODM solutions for global appliance brands and B2B&#8230;<\/p>","protected":false},"author":1,"featured_media":0,"parent":0,"menu_order":0,"comment_status":"closed","ping_status":"closed","template":"","meta":{"_kadence_starter_templates_imported_post":false,"_kad_post_transparent":"default","_kad_post_title":"hide","_kad_post_layout":"fullwidth","_kad_post_sidebar_id":"","_kad_post_content_style":"unboxed","_kad_post_vertical_padding":"hide","_kad_post_feature":"hide","_kad_post_feature_position":"","_kad_post_header":false,"_kad_post_footer":false,"_kad_post_classname":"","footnotes":""},"class_list":["post-22","page","type-page","status-publish","hentry"],"yoast_head":"<!-- This site is optimized with the Yoast SEO plugin v27.0 - https:\/\/yoast.com\/product\/yoast-seo-wordpress\/ -->\n<title>Toaster manufacturer in China | About Juventini Factory<\/title>\n<meta name=\"description\" content=\"Toaster manufacturer in China, Juventini provides OEM\/ODM solutions, CE\/RoHS certifications, and 20+ years of export experience.\" \/>\n<meta name=\"robots\" content=\"index, follow, max-snippet:-1, max-image-preview:large, max-video-preview:-1\" \/>\n<link rel=\"canonical\" href=\"https:\/\/juventinicn.com\/es\/sobre-nosotros-fabricante-de-tostadoras-en-china\/\" \/>\n<meta property=\"og:locale\" content=\"es_ES\" \/>\n<meta property=\"og:type\" content=\"article\" \/>\n<meta property=\"og:title\" content=\"Toaster manufacturer in China | About Juventini Factory\" \/>\n<meta property=\"og:description\" content=\"Toaster manufacturer in China, Juventini provides OEM\/ODM solutions, CE\/RoHS certifications, and 20+ years of export experience.\" \/>\n<meta property=\"og:url\" content=\"https:\/\/juventinicn.com\/es\/sobre-nosotros-fabricante-de-tostadoras-en-china\/\" \/>\n<meta property=\"og:site_name\" content=\"Toaster Factory in China\" \/>\n<meta property=\"article:modified_time\" content=\"2026-04-15T05:01:36+00:00\" \/>\n<meta property=\"og:image\" content=\"https:\/\/juventinicn.com\/wp-content\/uploads\/2026\/04\/ningbo-juventini-toaster-factory-quality-control-testing-room.webp\" \/>\n\t<meta property=\"og:image:width\" content=\"721\" \/>\n\t<meta property=\"og:image:height\" content=\"669\" \/>\n\t<meta property=\"og:image:type\" content=\"image\/webp\" \/>\n<meta name=\"twitter:card\" content=\"summary_large_image\" \/>\n<meta name=\"twitter:label1\" content=\"Tiempo de lectura\" \/>\n\t<meta name=\"twitter:data1\" content=\"2 minutos\" \/>\n<script type=\"application\/ld+json\" class=\"yoast-schema-graph\">{\"@context\":\"https:\/\/schema.org\",\"@graph\":[{\"@type\":\"WebPage\",\"@id\":\"https:\/\/juventinicn.com\/toaster-manufacturer-in-china-about-us\/\",\"url\":\"https:\/\/juventinicn.com\/toaster-manufacturer-in-china-about-us\/\",\"name\":\"Toaster manufacturer in China | About Juventini Factory\",\"isPartOf\":{\"@id\":\"https:\/\/juventinicn.com\/#website\"},\"primaryImageOfPage\":{\"@id\":\"https:\/\/juventinicn.com\/toaster-manufacturer-in-china-about-us\/#primaryimage\"},\"image\":{\"@id\":\"https:\/\/juventinicn.com\/toaster-manufacturer-in-china-about-us\/#primaryimage\"},\"thumbnailUrl\":\"https:\/\/juventinicn.com\/wp-content\/uploads\/2026\/04\/ningbo-juventini-toaster-factory-quality-control-testing-room-300x278.webp\",\"datePublished\":\"2026-02-27T08:25:24+00:00\",\"dateModified\":\"2026-04-15T05:01:36+00:00\",\"description\":\"Toaster manufacturer in China, Juventini provides OEM\/ODM solutions, CE\/RoHS certifications, and 20+ years of export experience.\",\"breadcrumb\":{\"@id\":\"https:\/\/juventinicn.com\/toaster-manufacturer-in-china-about-us\/#breadcrumb\"},\"inLanguage\":\"es\",\"potentialAction\":[{\"@type\":\"ReadAction\",\"target\":[\"https:\/\/juventinicn.com\/toaster-manufacturer-in-china-about-us\/\"]}]},{\"@type\":\"ImageObject\",\"inLanguage\":\"es\",\"@id\":\"https:\/\/juventinicn.com\/toaster-manufacturer-in-china-about-us\/#primaryimage\",\"url\":\"https:\/\/juventinicn.com\/wp-content\/uploads\/2026\/04\/ningbo-juventini-toaster-factory-quality-control-testing-room-300x278.webp\",\"contentUrl\":\"https:\/\/juventinicn.com\/wp-content\/uploads\/2026\/04\/ningbo-juventini-toaster-factory-quality-control-testing-room-300x278.webp\"},{\"@type\":\"BreadcrumbList\",\"@id\":\"https:\/\/juventinicn.com\/toaster-manufacturer-in-china-about-us\/#breadcrumb\",\"itemListElement\":[{\"@type\":\"ListItem\",\"position\":1,\"name\":\"Home\",\"item\":\"https:\/\/juventinicn.com\/\"},{\"@type\":\"ListItem\",\"position\":2,\"name\":\"About Us\"}]},{\"@type\":\"WebSite\",\"@id\":\"https:\/\/juventinicn.com\/#website\",\"url\":\"https:\/\/juventinicn.com\/\",\"name\":\"Toaster Factory in China\",\"description\":\"Toaster factory in China\",\"publisher\":{\"@id\":\"https:\/\/juventinicn.com\/#organization\"},\"potentialAction\":[{\"@type\":\"SearchAction\",\"target\":{\"@type\":\"EntryPoint\",\"urlTemplate\":\"https:\/\/juventinicn.com\/?s={search_term_string}\"},\"query-input\":{\"@type\":\"PropertyValueSpecification\",\"valueRequired\":true,\"valueName\":\"search_term_string\"}}],\"inLanguage\":\"es\"},{\"@type\":\"Organization\",\"@id\":\"https:\/\/juventinicn.com\/#organization\",\"name\":\"Toaster Factory in China\",\"url\":\"https:\/\/juventinicn.com\/\",\"logo\":{\"@type\":\"ImageObject\",\"inLanguage\":\"es\",\"@id\":\"https:\/\/juventinicn.com\/#\/schema\/logo\/image\/\",\"url\":\"https:\/\/juventinicn.com\/wp-content\/uploads\/2026\/04\/juventini-toaster-manufacturer-china-logo.webp\",\"contentUrl\":\"https:\/\/juventinicn.com\/wp-content\/uploads\/2026\/04\/juventini-toaster-manufacturer-china-logo.webp\",\"width\":825,\"height\":113,\"caption\":\"Toaster Factory in China\"},\"image\":{\"@id\":\"https:\/\/juventinicn.com\/#\/schema\/logo\/image\/\"}}]}<\/script>\n<!-- \/ Yoast SEO plugin. -->","yoast_head_json":{"title":"F\u00e1brica Juventini: Fabricante de tostadoras en China | Perfil de empresa","description":"Fabricante de tostadoras en China: Juventini ofrece soluciones OEM\/ODM con certificaciones CE\/RoHS. M\u00e1s de 20 a\u00f1os de experiencia exportadora garantizan calidad y servicio profesional.","robots":{"index":"index","follow":"follow","max-snippet":"max-snippet:-1","max-image-preview":"max-image-preview:large","max-video-preview":"max-video-preview:-1"},"canonical":"https:\/\/juventinicn.com\/es\/sobre-nosotros-fabricante-de-tostadoras-en-china\/","og_locale":"es_ES","og_type":"article","og_title":"Toaster manufacturer in China | About Juventini Factory","og_description":"Toaster manufacturer in China, Juventini provides OEM\/ODM solutions, CE\/RoHS certifications, and 20+ years of export experience.","og_url":"https:\/\/juventinicn.com\/es\/sobre-nosotros-fabricante-de-tostadoras-en-china\/","og_site_name":"Toaster Factory in China","article_modified_time":"2026-04-15T05:01:36+00:00","og_image":[{"width":721,"height":669,"url":"https:\/\/juventinicn.com\/wp-content\/uploads\/2026\/04\/ningbo-juventini-toaster-factory-quality-control-testing-room.webp","type":"image\/webp"}],"twitter_card":"summary_large_image","twitter_misc":{"Tiempo de lectura":"2 minutos"},"schema":{"@context":"https:\/\/schema.org","@graph":[{"@type":"WebPage","@id":"https:\/\/juventinicn.com\/toaster-manufacturer-in-china-about-us\/","url":"https:\/\/juventinicn.com\/toaster-manufacturer-in-china-about-us\/","name":"F\u00e1brica Juventini: Fabricante de tostadoras en China | Perfil de empresa","isPartOf":{"@id":"https:\/\/juventinicn.com\/#website"},"primaryImageOfPage":{"@id":"https:\/\/juventinicn.com\/toaster-manufacturer-in-china-about-us\/#primaryimage"},"image":{"@id":"https:\/\/juventinicn.com\/toaster-manufacturer-in-china-about-us\/#primaryimage"},"thumbnailUrl":"https:\/\/juventinicn.com\/wp-content\/uploads\/2026\/04\/ningbo-juventini-toaster-factory-quality-control-testing-room-300x278.webp","datePublished":"2026-02-27T08:25:24+00:00","dateModified":"2026-04-15T05:01:36+00:00","description":"Fabricante de tostadoras en China: Juventini ofrece soluciones OEM\/ODM con certificaciones CE\/RoHS. M\u00e1s de 20 a\u00f1os de experiencia exportadora garantizan calidad y servicio profesional.","breadcrumb":{"@id":"https:\/\/juventinicn.com\/toaster-manufacturer-in-china-about-us\/#breadcrumb"},"inLanguage":"es","potentialAction":[{"@type":"ReadAction","target":["https:\/\/juventinicn.com\/toaster-manufacturer-in-china-about-us\/"]}]},{"@type":"ImageObject","inLanguage":"es","@id":"https:\/\/juventinicn.com\/toaster-manufacturer-in-china-about-us\/#primaryimage","url":"https:\/\/juventinicn.com\/wp-content\/uploads\/2026\/04\/ningbo-juventini-toaster-factory-quality-control-testing-room-300x278.webp","contentUrl":"https:\/\/juventinicn.com\/wp-content\/uploads\/2026\/04\/ningbo-juventini-toaster-factory-quality-control-testing-room-300x278.webp"},{"@type":"BreadcrumbList","@id":"https:\/\/juventinicn.com\/toaster-manufacturer-in-china-about-us\/#breadcrumb","itemListElement":[{"@type":"ListItem","position":1,"name":"Home","item":"https:\/\/juventinicn.com\/"},{"@type":"ListItem","position":2,"name":"About Us"}]},{"@type":"WebSite","@id":"https:\/\/juventinicn.com\/#website","url":"https:\/\/juventinicn.com\/","name":"F\u00e1brica de tostadoras en China","description":"F\u00e1brica de tostadoras en China","publisher":{"@id":"https:\/\/juventinicn.com\/#organization"},"potentialAction":[{"@type":"SearchAction","target":{"@type":"EntryPoint","urlTemplate":"https:\/\/juventinicn.com\/?s={search_term_string}"},"query-input":{"@type":"PropertyValueSpecification","valueRequired":true,"valueName":"search_term_string"}}],"inLanguage":"es"},{"@type":"Organization","@id":"https:\/\/juventinicn.com\/#organization","name":"F\u00e1brica de tostadoras en China","url":"https:\/\/juventinicn.com\/","logo":{"@type":"ImageObject","inLanguage":"es","@id":"https:\/\/juventinicn.com\/#\/schema\/logo\/image\/","url":"https:\/\/juventinicn.com\/wp-content\/uploads\/2026\/04\/juventini-toaster-manufacturer-china-logo.webp","contentUrl":"https:\/\/juventinicn.com\/wp-content\/uploads\/2026\/04\/juventini-toaster-manufacturer-china-logo.webp","width":825,"height":113,"caption":"Toaster Factory in China"},"image":{"@id":"https:\/\/juventinicn.com\/#\/schema\/logo\/image\/"}}]}},"_hostinger_reach_plugin_has_subscription_block":false,"_hostinger_reach_plugin_is_elementor":false,"_links":{"self":[{"href":"https:\/\/juventinicn.com\/es\/wp-json\/wp\/v2\/pages\/22","targetHints":{"allow":["GET"]}}],"collection":[{"href":"https:\/\/juventinicn.com\/es\/wp-json\/wp\/v2\/pages"}],"about":[{"href":"https:\/\/juventinicn.com\/es\/wp-json\/wp\/v2\/types\/page"}],"author":[{"embeddable":true,"href":"https:\/\/juventinicn.com\/es\/wp-json\/wp\/v2\/users\/1"}],"replies":[{"embeddable":true,"href":"https:\/\/juventinicn.com\/es\/wp-json\/wp\/v2\/comments?post=22"}],"version-history":[{"count":76,"href":"https:\/\/juventinicn.com\/es\/wp-json\/wp\/v2\/pages\/22\/revisions"}],"predecessor-version":[{"id":1292,"href":"https:\/\/juventinicn.com\/es\/wp-json\/wp\/v2\/pages\/22\/revisions\/1292"}],"wp:attachment":[{"href":"https:\/\/juventinicn.com\/es\/wp-json\/wp\/v2\/media?parent=22"}],"curies":[{"name":"wp","href":"https:\/\/api.w.org\/{rel}","templated":true}]}}