{"id":26,"date":"2026-02-27T08:26:03","date_gmt":"2026-02-27T08:26:03","guid":{"rendered":"https:\/\/lavender-weasel-804745.hostingersite.com\/?page_id=26"},"modified":"2026-04-07T10:29:07","modified_gmt":"2026-04-07T10:29:07","slug":"contacto","status":"publish","type":"page","link":"https:\/\/juventinicn.com\/es\/contact-us\/","title":{"rendered":"Contacto"},"content":{"rendered":"<div data-elementor-type=\"wp-page\" data-elementor-id=\"26\" class=\"elementor elementor-26\" data-elementor-post-type=\"page\">\n\t\t\t\t<div class=\"elementor-element elementor-element-3778e604 e-con-full e-flex e-con e-parent\" data-id=\"3778e604\" data-element_type=\"container\" data-e-type=\"container\" data-settings=\"{&quot;background_background&quot;:&quot;classic&quot;}\">\n\t\t\t\t<div class=\"elementor-element elementor-element-449b2586 elementor-widget elementor-widget-heading\" data-id=\"449b2586\" data-element_type=\"widget\" data-e-type=\"widget\" data-widget_type=\"heading.default\">\n\t\t\t\t\t<h3 class=\"elementor-heading-title elementor-size-default\">Cont\u00e1ctenos<\/h3>\t\t\t\t<\/div>\n\t\t\t\t<\/div>\n\t\t<div class=\"elementor-element elementor-element-4270980 e-flex e-con-boxed e-con e-parent\" data-id=\"4270980\" data-element_type=\"container\" data-e-type=\"container\">\n\t\t\t\t\t<div class=\"e-con-inner\">\n\t\t\t\t<div class=\"elementor-element elementor-element-8b00c9d elementor-widget-divider--view-line elementor-widget elementor-widget-divider\" data-id=\"8b00c9d\" data-element_type=\"widget\" data-e-type=\"widget\" data-widget_type=\"divider.default\">\n\t\t\t\t\t\t\t<div class=\"elementor-divider\">\n\t\t\t<span class=\"elementor-divider-separator\">\n\t\t\t\t\t\t<\/span>\n\t\t<\/div>\n\t\t\t\t\t\t<\/div>\n\t\t\t\t<div class=\"elementor-element elementor-element-36bdc0a elementor-widget elementor-widget-text-editor\" data-id=\"36bdc0a\" data-element_type=\"widget\" data-e-type=\"widget\" data-widget_type=\"text-editor.default\">\n\t\t\t\t\t\t\t\t\t<h2>Fabricante de tostadoras confiable en China: Soluciones personalizadas OEM y ODM<\/h2>\n\n<p class=\"translation-block\">Como destacado <strong>fabricante de tostadoras en China<\/strong> con sede en el centro manufacturero de Ningbo, Juventini se dedica a proporcionar electrodom\u00e9sticos de desayuno de alto rendimiento para socios globales B2B. Nuestra planta gestiona el ciclo de producci\u00f3n completo, desde el moldeo por inyecci\u00f3n de precisi\u00f3n hasta el ensamblaje met\u00e1lico final, garantizando que cada unidad refleje la calidad y los est\u00e1ndares t\u00e9cnicos exigidos por las marcas internacionales de electrodom\u00e9sticos.<\/p>\n\n<h3>Cumplimiento verificado: CE-LVD, CE-EMC, RoHS y FCM<\/h3>\n<p class=\"translation-block\">Entendemos que las certificaciones de seguridad y medio ambiente son fundamentales para una entrada exitosa en el mercado. Como <strong>fabricante responsable de tostadoras en China<\/strong>, garantizamos que todos nuestros productos cumplen con los estrictos requisitos reglamentarios. Nuestra cartera actual de certificaciones incluye <strong>CE-LVD y CE-EMC<\/strong> para seguridad el\u00e9ctrica, <strong>RoHS<\/strong> para la restricci\u00f3n de sustancias peligrosas y <strong>FCM (Material en Contacto con Alimentos)<\/strong> para la seguridad de grado alimenticio. Proporcionamos documentaci\u00f3n t\u00e9cnica completa para respaldar su proceso de importaci\u00f3n y garantizar el cumplimiento del producto.<\/p>\n\n<h3>Soporte t\u00e9cnico directo del equipo de nuestro <strong>fabricante de tostadoras en China<\/strong><\/h3>\n<p>La comunicaci\u00f3n es clave en las asociaciones OEM\/ODM a largo plazo. Al contactar con nuestro equipo de ingenier\u00eda de ventas, recibir\u00e1 informaci\u00f3n t\u00e9cnica directa sobre la precisi\u00f3n del control de tostado, la durabilidad de la carcasa de acero inoxidable y las configuraciones de potencia localizadas. Nuestro objetivo es optimizar su cadena de suministro ofreciendo precios directos de f\u00e1brica y plazos de entrega estables.<\/p>\n\n<h3>Log\u00edstica estrat\u00e9gica cerca del puerto de Ningbo<\/h3>\n<p class=\"translation-block\">Juventini aprovecha su ubicaci\u00f3n estrat\u00e9gica cerca del puerto de Ningbo-Zhoushan para facilitar un env\u00edo global eficiente. Ya sea que solicite una muestra de nuestro \u00faltimo modelo de 2 rebanadas o realice un pedido al por mayor de tostadoras de ranura larga de 4 rebanadas, gestionamos la log\u00edstica con cuidado profesional. Explore nuestro <a href=\"https:\/\/juventinicn.com\/es\/productos\/\" target=\"_self\">Cat\u00e1logo completo de tostadoras<\/a> para conocer nuestras \u00faltimas innovaciones. Para obtener informaci\u00f3n detallada sobre los est\u00e1ndares internacionales de seguridad, puede consultar las directrices oficiales de <a href=\"https:\/\/en.wikipedia.org\/wiki\/CE_marking\" target=\"_blank\" rel=\"noopener\">Marcado CE<\/a>. Cont\u00e1ctenos hoy para saber por qu\u00e9 los importadores profesionales conf\u00edan en Juventini como su <strong>fabricante de tostadoras en China<\/strong> preferido.<\/p>\t\t\t\t\t\t\t\t<\/div>\n\t\t\t\t\t<\/div>\n\t\t\t\t<\/div>\n\t\t<div class=\"elementor-element elementor-element-c4bc67a e-flex e-con-boxed e-con e-parent\" data-id=\"c4bc67a\" data-element_type=\"container\" data-e-type=\"container\">\n\t\t\t\t\t<div class=\"e-con-inner\">\n\t\t\t\t<div class=\"elementor-element elementor-element-08b86c5 elementor-widget__width-initial elementor-widget elementor-widget-image\" data-id=\"08b86c5\" data-element_type=\"widget\" data-e-type=\"widget\" data-widget_type=\"image.default\">\n\t\t\t\t\t\t\t\t\t\t\t\t\t\t\t<img decoding=\"async\" src=\"https:\/\/juventinicn.com\/wp-content\/uploads\/elementor\/thumbs\/ningbo-juventini-toaster-factory-quality-control-testing-room-rlnd6dha2147vgg8scy2veyagzuwcyo1xyh80hcolk.webp\" title=\"ningbo-juventini-toaster-factory-quality-control-testing-room\" alt=\"En el laboratorio de pruebas de Juventini en Ningbo, nuestro equipo de control de calidad ejecuta pruebas de funcionamiento rigurosas para asegurar que cada tostadora cumpla con los est\u00e1ndares internacionales exigidos por nuestros socios B2B.\" loading=\"lazy\" \/>\t\t\t\t\t\t\t\t\t\t\t\t\t\t\t<\/div>\n\t\t<div class=\"elementor-element elementor-element-2e97f8a e-con-full e-flex e-con e-child\" data-id=\"2e97f8a\" data-element_type=\"container\" data-e-type=\"container\">\n\t\t\t\t<div class=\"elementor-element elementor-element-309fd58 elementor-position-inline-start elementor-view-default elementor-mobile-position-block-start elementor-widget elementor-widget-icon-box\" data-id=\"309fd58\" data-element_type=\"widget\" data-e-type=\"widget\" data-widget_type=\"icon-box.default\">\n\t\t\t\t\t\t\t<div class=\"elementor-icon-box-wrapper\">\n\n\t\t\t\t\t\t<div class=\"elementor-icon-box-icon\">\n\t\t\t\t<span  class=\"elementor-icon\">\n\t\t\t\t<svg aria-hidden=\"true\" class=\"e-font-icon-svg e-far-envelope\" viewbox=\"0 0 512 512\" xmlns=\"http:\/\/www.w3.org\/2000\/svg\"><path d=\"M464 64H48C21.49 64 0 85.49 0 112v288c0 26.51 21.49 48 48 48h416c26.51 0 48-21.49 48-48V112c0-26.51-21.49-48-48-48zm0 48v40.805c-22.422 18.259-58.168 46.651-134.587 106.49-16.841 13.247-50.201 45.072-73.413 44.701-23.208.375-56.579-31.459-73.413-44.701C106.18 199.465 70.425 171.067 48 152.805V112h416zM48 400V214.398c22.914 18.251 55.409 43.862 104.938 82.646 21.857 17.205 60.134 55.186 103.062 54.955 42.717.231 80.509-37.199 103.053-54.947 49.528-38.783 82.032-64.401 104.947-82.653V400H48z\"><\/path><\/svg>\t\t\t\t<\/span>\n\t\t\t<\/div>\n\t\t\t\n\t\t\t\t\t\t<div class=\"elementor-icon-box-content\">\n\n\t\t\t\t\t\t\t\t\t<h3 class=\"elementor-icon-box-title\">\n\t\t\t\t\t\t<span  >\n\t\t\t\t\t\t\tEmail\t\t\t\t\t\t<\/span>\n\t\t\t\t\t<\/h3>\n\t\t\t\t\n\t\t\t\t\t\t\t\t\t<p class=\"elementor-icon-box-description\">\n\t\t\t\t\t\tinfi@juventinicn.com\t\t\t\t\t<\/p>\n\t\t\t\t\n\t\t\t<\/div>\n\t\t\t\n\t\t<\/div>\n\t\t\t\t\t\t<\/div>\n\t\t\t\t<div class=\"elementor-element elementor-element-81af530 elementor-position-inline-start elementor-view-default elementor-mobile-position-block-start elementor-widget elementor-widget-icon-box\" data-id=\"81af530\" data-element_type=\"widget\" data-e-type=\"widget\" data-widget_type=\"icon-box.default\">\n\t\t\t\t\t\t\t<div class=\"elementor-icon-box-wrapper\">\n\n\t\t\t\t\t\t<div class=\"elementor-icon-box-icon\">\n\t\t\t\t<span  class=\"elementor-icon\">\n\t\t\t\t<svg aria-hidden=\"true\" class=\"e-font-icon-svg e-fab-weixin\" viewbox=\"0 0 576 512\" xmlns=\"http:\/\/www.w3.org\/2000\/svg\"><path d=\"M385.2 167.6c6.4 0 12.6.3 18.8 1.1C387.4 90.3 303.3 32 207.7 32 100.5 32 13 104.8 13 197.4c0 53.4 29.3 97.5 77.9 131.6l-19.3 58.6 68-34.1c24.4 4.8 43.8 9.7 68.2 9.7 6.2 0 12.1-.3 18.3-.8-4-12.9-6.2-26.6-6.2-40.8-.1-84.9 72.9-154 165.3-154zm-104.5-52.9c14.5 0 24.2 9.7 24.2 24.4 0 14.5-9.7 24.2-24.2 24.2-14.8 0-29.3-9.7-29.3-24.2.1-14.7 14.6-24.4 29.3-24.4zm-136.4 48.6c-14.5 0-29.3-9.7-29.3-24.2 0-14.8 14.8-24.4 29.3-24.4 14.8 0 24.4 9.7 24.4 24.4 0 14.6-9.6 24.2-24.4 24.2zM563 319.4c0-77.9-77.9-141.3-165.4-141.3-92.7 0-165.4 63.4-165.4 141.3S305 460.7 397.6 460.7c19.3 0 38.9-5.1 58.6-9.9l53.4 29.3-14.8-48.6C534 402.1 563 363.2 563 319.4zm-219.1-24.5c-9.7 0-19.3-9.7-19.3-19.6 0-9.7 9.7-19.3 19.3-19.3 14.8 0 24.4 9.7 24.4 19.3 0 10-9.7 19.6-24.4 19.6zm107.1 0c-9.7 0-19.3-9.7-19.3-19.6 0-9.7 9.7-19.3 19.3-19.3 14.5 0 24.4 9.7 24.4 19.3.1 10-9.9 19.6-24.4 19.6z\"><\/path><\/svg>\t\t\t\t<\/span>\n\t\t\t<\/div>\n\t\t\t\n\t\t\t\t\t\t<div class=\"elementor-icon-box-content\">\n\n\t\t\t\t\t\t\t\t\t<h3 class=\"elementor-icon-box-title\">\n\t\t\t\t\t\t<span  >\n\t\t\t\t\t\t\tTel\u00e9fono de contacto\t\t\t\t\t\t<\/span>\n\t\t\t\t\t<\/h3>\n\t\t\t\t\n\t\t\t\t\t\t\t\t\t<p class=\"elementor-icon-box-description\">\n\t\t\t\t\t\t+86 13386612103\t\t\t\t\t<\/p>\n\t\t\t\t\n\t\t\t<\/div>\n\t\t\t\n\t\t<\/div>\n\t\t\t\t\t\t<\/div>\n\t\t\t\t<div class=\"elementor-element elementor-element-c668e70 elementor-position-inline-start elementor-view-default elementor-mobile-position-block-start elementor-widget elementor-widget-icon-box\" data-id=\"c668e70\" data-element_type=\"widget\" data-e-type=\"widget\" data-widget_type=\"icon-box.default\">\n\t\t\t\t\t\t\t<div class=\"elementor-icon-box-wrapper\">\n\n\t\t\t\t\t\t<div class=\"elementor-icon-box-icon\">\n\t\t\t\t<span  class=\"elementor-icon\">\n\t\t\t\t<svg aria-hidden=\"true\" class=\"e-font-icon-svg e-fab-chrome\" viewbox=\"0 0 496 512\" xmlns=\"http:\/\/www.w3.org\/2000\/svg\"><path d=\"M131.5 217.5L55.1 100.1c47.6-59.2 119-91.8 192-92.1 42.3-.3 85.5 10.5 124.8 33.2 43.4 25.2 76.4 61.4 97.4 103L264 133.4c-58.1-3.4-113.4 29.3-132.5 84.1zm32.9 38.5c0 46.2 37.4 83.6 83.6 83.6s83.6-37.4 83.6-83.6-37.4-83.6-83.6-83.6-83.6 37.3-83.6 83.6zm314.9-89.2L339.6 174c37.9 44.3 38.5 108.2 6.6 157.2L234.1 503.6c46.5 2.5 94.4-7.7 137.8-32.9 107.4-62 150.9-192 107.4-303.9zM133.7 303.6L40.4 120.1C14.9 159.1 0 205.9 0 256c0 124 90.8 226.7 209.5 244.9l63.7-124.8c-57.6 10.8-113.2-20.8-139.5-72.5z\"><\/path><\/svg>\t\t\t\t<\/span>\n\t\t\t<\/div>\n\t\t\t\n\t\t\t\t\t\t<div class=\"elementor-icon-box-content\">\n\n\t\t\t\t\t\t\t\t\t<h3 class=\"elementor-icon-box-title\">\n\t\t\t\t\t\t<span  >\n\t\t\t\t\t\t\tSitio web\t\t\t\t\t\t<\/span>\n\t\t\t\t\t<\/h3>\n\t\t\t\t\n\t\t\t\t\t\t\t\t\t<p class=\"elementor-icon-box-description\">\n\t\t\t\t\t\thttps:\/\/juventinicn.com\t\t\t\t\t<\/p>\n\t\t\t\t\n\t\t\t<\/div>\n\t\t\t\n\t\t<\/div>\n\t\t\t\t\t\t<\/div>\n\t\t\t\t<div class=\"elementor-element elementor-element-175c7b1 elementor-position-inline-start elementor-view-default elementor-mobile-position-block-start elementor-widget elementor-widget-icon-box\" data-id=\"175c7b1\" data-element_type=\"widget\" data-e-type=\"widget\" data-widget_type=\"icon-box.default\">\n\t\t\t\t\t\t\t<div class=\"elementor-icon-box-wrapper\">\n\n\t\t\t\t\t\t<div class=\"elementor-icon-box-icon\">\n\t\t\t\t<span  class=\"elementor-icon\">\n\t\t\t\t<svg aria-hidden=\"true\" class=\"e-font-icon-svg e-far-map\" viewbox=\"0 0 576 512\" xmlns=\"http:\/\/www.w3.org\/2000\/svg\"><path d=\"M560.02 32c-1.96 0-3.98.37-5.96 1.16L384.01 96H384L212 35.28A64.252 64.252 0 0 0 191.76 32c-6.69 0-13.37 1.05-19.81 3.14L20.12 87.95A32.006 32.006 0 0 0 0 117.66v346.32C0 473.17 7.53 480 15.99 480c1.96 0 3.97-.37 5.96-1.16L192 416l172 60.71a63.98 63.98 0 0 0 40.05.15l151.83-52.81A31.996 31.996 0 0 0 576 394.34V48.02c0-9.19-7.53-16.02-15.98-16.02zM224 90.42l128 45.19v285.97l-128-45.19V90.42zM48 418.05V129.07l128-44.53v286.2l-.64.23L48 418.05zm480-35.13l-128 44.53V141.26l.64-.24L528 93.95v288.97z\"><\/path><\/svg>\t\t\t\t<\/span>\n\t\t\t<\/div>\n\t\t\t\n\t\t\t\t\t\t<div class=\"elementor-icon-box-content\">\n\n\t\t\t\t\t\t\t\t\t<h3 class=\"elementor-icon-box-title\">\n\t\t\t\t\t\t<span  >\n\t\t\t\t\t\t\tDirecci\u00f3n\t\t\t\t\t\t<\/span>\n\t\t\t\t\t<\/h3>\n\t\t\t\t\n\t\t\t\t\t\t\t\t\t<p class=\"elementor-icon-box-description\">\n\t\t\t\t\t\tPueblo de Sibei, Municipio de Simen, Ciudad de Yuyao, Provincia de Zhejiang, China.\t\t\t\t\t<\/p>\n\t\t\t\t\n\t\t\t<\/div>\n\t\t\t\n\t\t<\/div>\n\t\t\t\t\t\t<\/div>\n\t\t\t\t<div class=\"elementor-element elementor-element-e6e7562 elementor-align-center elementor-widget elementor-widget-button\" data-id=\"e6e7562\" data-element_type=\"widget\" data-e-type=\"widget\" data-widget_type=\"button.default\">\n\t\t\t\t\t\t\t\t\t\t<a class=\"elementor-button elementor-button-link elementor-size-sm\" href=\"#footer-quote-form\">\n\t\t\t\t\t\t<span class=\"elementor-button-content-wrapper\">\n\t\t\t\t\t\t<span class=\"elementor-button-icon\">\n\t\t\t\t<svg aria-hidden=\"true\" class=\"e-font-icon-svg e-far-arrow-alt-circle-right\" viewbox=\"0 0 512 512\" xmlns=\"http:\/\/www.w3.org\/2000\/svg\"><path d=\"M504 256C504 119 393 8 256 8S8 119 8 256s111 248 248 248 248-111 248-248zm-448 0c0-110.5 89.5-200 200-200s200 89.5 200 200-89.5 200-200 200S56 366.5 56 256zm72 20v-40c0-6.6 5.4-12 12-12h116v-67c0-10.7 12.9-16 20.5-8.5l99 99c4.7 4.7 4.7 12.3 0 17l-99 99c-7.6 7.6-20.5 2.2-20.5-8.5v-67H140c-6.6 0-12-5.4-12-12z\"><\/path><\/svg>\t\t\t<\/span>\n\t\t\t\t\t\t\t\t\t<span class=\"elementor-button-text\">Solicitar cotizaci\u00f3n<\/span>\n\t\t\t\t\t<\/span>\n\t\t\t\t\t<\/a>\n\t\t\t\t\t\t\t\t<\/div>\n\t\t\t\t<\/div>\n\t\t\t\t\t<\/div>\n\t\t\t\t<\/div>\n\t\t\t\t<\/div>","protected":false},"excerpt":{"rendered":"<p>Contact US Reliable Toaster Manufacturer in China: Custom OEM &#038; ODM Solutions As a premier toaster manufacturer in China based in the Ningbo manufacturing hub, Juventini is dedicated to providing high-performance breakfast appliances for global B2B partners. Our facility manages the complete production cycle, from precision injection molding to final metal assembly, ensuring that every&#8230;<\/p>","protected":false},"author":1,"featured_media":0,"parent":0,"menu_order":0,"comment_status":"closed","ping_status":"closed","template":"","meta":{"_kadence_starter_templates_imported_post":false,"_kad_post_transparent":"default","_kad_post_title":"hide","_kad_post_layout":"fullwidth","_kad_post_sidebar_id":"","_kad_post_content_style":"unboxed","_kad_post_vertical_padding":"hide","_kad_post_feature":"hide","_kad_post_feature_position":"","_kad_post_header":false,"_kad_post_footer":false,"_kad_post_classname":"","footnotes":""},"class_list":["post-26","page","type-page","status-publish","hentry"],"yoast_head":"<!-- This site is optimized with the Yoast SEO plugin v27.0 - https:\/\/yoast.com\/product\/yoast-seo-wordpress\/ -->\n<title>Contact Juventini | Toaster Manufacturer in China<\/title>\n<meta name=\"description\" content=\"Contact Juventini, a professional toaster manufacturer in China. Get OEM\/ODM quotes with CE-LVD, CE-EMC, RoHS, and FCM certification support.\" \/>\n<meta name=\"robots\" content=\"index, follow, max-snippet:-1, max-image-preview:large, max-video-preview:-1\" \/>\n<link rel=\"canonical\" href=\"https:\/\/juventinicn.com\/es\/contacto\/\" \/>\n<meta property=\"og:locale\" content=\"es_ES\" \/>\n<meta property=\"og:type\" content=\"article\" \/>\n<meta property=\"og:title\" content=\"Contact Juventini | Toaster Manufacturer in China\" \/>\n<meta property=\"og:description\" content=\"Contact Juventini, a professional toaster manufacturer in China. Get OEM\/ODM quotes with CE-LVD, CE-EMC, RoHS, and FCM certification support.\" \/>\n<meta property=\"og:url\" content=\"https:\/\/juventinicn.com\/es\/contacto\/\" \/>\n<meta property=\"og:site_name\" content=\"Toaster Factory in China\" \/>\n<meta property=\"article:modified_time\" content=\"2026-04-07T10:29:07+00:00\" \/>\n<meta property=\"og:image\" content=\"https:\/\/juventinicn.com\/wp-content\/uploads\/elementor\/thumbs\/ningbo-juventini-toaster-factory-quality-control-testing-room-rlnd6dha2147vgg8scy2veyagzuwcyo1xyh80hcolk.webp\" \/>\n<meta name=\"twitter:card\" content=\"summary_large_image\" \/>\n<meta name=\"twitter:label1\" content=\"Tiempo de lectura\" \/>\n\t<meta name=\"twitter:data1\" content=\"2 minutos\" \/>\n<script type=\"application\/ld+json\" class=\"yoast-schema-graph\">{\"@context\":\"https:\/\/schema.org\",\"@graph\":[{\"@type\":\"WebPage\",\"@id\":\"https:\/\/juventinicn.com\/contact-us\/\",\"url\":\"https:\/\/juventinicn.com\/contact-us\/\",\"name\":\"Contact Juventini | Toaster Manufacturer in China\",\"isPartOf\":{\"@id\":\"https:\/\/juventinicn.com\/#website\"},\"primaryImageOfPage\":{\"@id\":\"https:\/\/juventinicn.com\/contact-us\/#primaryimage\"},\"image\":{\"@id\":\"https:\/\/juventinicn.com\/contact-us\/#primaryimage\"},\"thumbnailUrl\":\"https:\/\/juventinicn.com\/wp-content\/uploads\/elementor\/thumbs\/ningbo-juventini-toaster-factory-quality-control-testing-room-rlnd6dha2147vgg8scy2veyagzuwcyo1xyh80hcolk.webp\",\"datePublished\":\"2026-02-27T08:26:03+00:00\",\"dateModified\":\"2026-04-07T10:29:07+00:00\",\"description\":\"Contact Juventini, a professional toaster manufacturer in China. Get OEM\/ODM quotes with CE-LVD, CE-EMC, RoHS, and FCM certification support.\",\"breadcrumb\":{\"@id\":\"https:\/\/juventinicn.com\/contact-us\/#breadcrumb\"},\"inLanguage\":\"es\",\"potentialAction\":[{\"@type\":\"ReadAction\",\"target\":[\"https:\/\/juventinicn.com\/contact-us\/\"]}]},{\"@type\":\"ImageObject\",\"inLanguage\":\"es\",\"@id\":\"https:\/\/juventinicn.com\/contact-us\/#primaryimage\",\"url\":\"https:\/\/juventinicn.com\/wp-content\/uploads\/elementor\/thumbs\/ningbo-juventini-toaster-factory-quality-control-testing-room-rlnd6dha2147vgg8scy2veyagzuwcyo1xyh80hcolk.webp\",\"contentUrl\":\"https:\/\/juventinicn.com\/wp-content\/uploads\/elementor\/thumbs\/ningbo-juventini-toaster-factory-quality-control-testing-room-rlnd6dha2147vgg8scy2veyagzuwcyo1xyh80hcolk.webp\"},{\"@type\":\"BreadcrumbList\",\"@id\":\"https:\/\/juventinicn.com\/contact-us\/#breadcrumb\",\"itemListElement\":[{\"@type\":\"ListItem\",\"position\":1,\"name\":\"Home\",\"item\":\"https:\/\/juventinicn.com\/\"},{\"@type\":\"ListItem\",\"position\":2,\"name\":\"Contact Us\"}]},{\"@type\":\"WebSite\",\"@id\":\"https:\/\/juventinicn.com\/#website\",\"url\":\"https:\/\/juventinicn.com\/\",\"name\":\"Toaster Factory in China\",\"description\":\"Toaster factory in China\",\"publisher\":{\"@id\":\"https:\/\/juventinicn.com\/#organization\"},\"potentialAction\":[{\"@type\":\"SearchAction\",\"target\":{\"@type\":\"EntryPoint\",\"urlTemplate\":\"https:\/\/juventinicn.com\/?s={search_term_string}\"},\"query-input\":{\"@type\":\"PropertyValueSpecification\",\"valueRequired\":true,\"valueName\":\"search_term_string\"}}],\"inLanguage\":\"es\"},{\"@type\":\"Organization\",\"@id\":\"https:\/\/juventinicn.com\/#organization\",\"name\":\"Toaster Factory in China\",\"url\":\"https:\/\/juventinicn.com\/\",\"logo\":{\"@type\":\"ImageObject\",\"inLanguage\":\"es\",\"@id\":\"https:\/\/juventinicn.com\/#\/schema\/logo\/image\/\",\"url\":\"https:\/\/juventinicn.com\/wp-content\/uploads\/2026\/04\/juventini-toaster-manufacturer-china-logo.webp\",\"contentUrl\":\"https:\/\/juventinicn.com\/wp-content\/uploads\/2026\/04\/juventini-toaster-manufacturer-china-logo.webp\",\"width\":825,\"height\":113,\"caption\":\"Toaster Factory in China\"},\"image\":{\"@id\":\"https:\/\/juventinicn.com\/#\/schema\/logo\/image\/\"}}]}<\/script>\n<!-- \/ Yoast SEO plugin. -->","yoast_head_json":{"title":"Contacte con Juventini | Fabricante de tostadoras en China","description":"Contacte con Juventini, fabricante profesional de tostadoras en China. Obtenga cotizaciones OEM\/ODM con soporte de certificaciones CE-LVD, CE-EMC, RoHS y FCM.","robots":{"index":"index","follow":"follow","max-snippet":"max-snippet:-1","max-image-preview":"max-image-preview:large","max-video-preview":"max-video-preview:-1"},"canonical":"https:\/\/juventinicn.com\/es\/contacto\/","og_locale":"es_ES","og_type":"article","og_title":"Contact Juventini | Toaster Manufacturer in China","og_description":"Contact Juventini, a professional toaster manufacturer in China. Get OEM\/ODM quotes with CE-LVD, CE-EMC, RoHS, and FCM certification support.","og_url":"https:\/\/juventinicn.com\/es\/contacto\/","og_site_name":"Toaster Factory in China","article_modified_time":"2026-04-07T10:29:07+00:00","og_image":[{"url":"https:\/\/juventinicn.com\/wp-content\/uploads\/elementor\/thumbs\/ningbo-juventini-toaster-factory-quality-control-testing-room-rlnd6dha2147vgg8scy2veyagzuwcyo1xyh80hcolk.webp","type":"","width":"","height":""}],"twitter_card":"summary_large_image","twitter_misc":{"Tiempo de lectura":"2 minutos"},"schema":{"@context":"https:\/\/schema.org","@graph":[{"@type":"WebPage","@id":"https:\/\/juventinicn.com\/contact-us\/","url":"https:\/\/juventinicn.com\/contact-us\/","name":"Contacte con Juventini | Fabricante de tostadoras en China","isPartOf":{"@id":"https:\/\/juventinicn.com\/#website"},"primaryImageOfPage":{"@id":"https:\/\/juventinicn.com\/contact-us\/#primaryimage"},"image":{"@id":"https:\/\/juventinicn.com\/contact-us\/#primaryimage"},"thumbnailUrl":"https:\/\/juventinicn.com\/wp-content\/uploads\/elementor\/thumbs\/ningbo-juventini-toaster-factory-quality-control-testing-room-rlnd6dha2147vgg8scy2veyagzuwcyo1xyh80hcolk.webp","datePublished":"2026-02-27T08:26:03+00:00","dateModified":"2026-04-07T10:29:07+00:00","description":"Contacte con Juventini, fabricante profesional de tostadoras en China. Obtenga cotizaciones OEM\/ODM con soporte de certificaciones CE-LVD, CE-EMC, RoHS y FCM.","breadcrumb":{"@id":"https:\/\/juventinicn.com\/contact-us\/#breadcrumb"},"inLanguage":"es","potentialAction":[{"@type":"ReadAction","target":["https:\/\/juventinicn.com\/contact-us\/"]}]},{"@type":"ImageObject","inLanguage":"es","@id":"https:\/\/juventinicn.com\/contact-us\/#primaryimage","url":"https:\/\/juventinicn.com\/wp-content\/uploads\/elementor\/thumbs\/ningbo-juventini-toaster-factory-quality-control-testing-room-rlnd6dha2147vgg8scy2veyagzuwcyo1xyh80hcolk.webp","contentUrl":"https:\/\/juventinicn.com\/wp-content\/uploads\/elementor\/thumbs\/ningbo-juventini-toaster-factory-quality-control-testing-room-rlnd6dha2147vgg8scy2veyagzuwcyo1xyh80hcolk.webp"},{"@type":"BreadcrumbList","@id":"https:\/\/juventinicn.com\/contact-us\/#breadcrumb","itemListElement":[{"@type":"ListItem","position":1,"name":"Home","item":"https:\/\/juventinicn.com\/"},{"@type":"ListItem","position":2,"name":"Contact Us"}]},{"@type":"WebSite","@id":"https:\/\/juventinicn.com\/#website","url":"https:\/\/juventinicn.com\/","name":"F\u00e1brica de tostadoras en China","description":"F\u00e1brica de tostadoras en China","publisher":{"@id":"https:\/\/juventinicn.com\/#organization"},"potentialAction":[{"@type":"SearchAction","target":{"@type":"EntryPoint","urlTemplate":"https:\/\/juventinicn.com\/?s={search_term_string}"},"query-input":{"@type":"PropertyValueSpecification","valueRequired":true,"valueName":"search_term_string"}}],"inLanguage":"es"},{"@type":"Organization","@id":"https:\/\/juventinicn.com\/#organization","name":"F\u00e1brica de tostadoras en China","url":"https:\/\/juventinicn.com\/","logo":{"@type":"ImageObject","inLanguage":"es","@id":"https:\/\/juventinicn.com\/#\/schema\/logo\/image\/","url":"https:\/\/juventinicn.com\/wp-content\/uploads\/2026\/04\/juventini-toaster-manufacturer-china-logo.webp","contentUrl":"https:\/\/juventinicn.com\/wp-content\/uploads\/2026\/04\/juventini-toaster-manufacturer-china-logo.webp","width":825,"height":113,"caption":"Toaster Factory in China"},"image":{"@id":"https:\/\/juventinicn.com\/#\/schema\/logo\/image\/"}}]}},"_hostinger_reach_plugin_has_subscription_block":false,"_hostinger_reach_plugin_is_elementor":false,"_links":{"self":[{"href":"https:\/\/juventinicn.com\/es\/wp-json\/wp\/v2\/pages\/26","targetHints":{"allow":["GET"]}}],"collection":[{"href":"https:\/\/juventinicn.com\/es\/wp-json\/wp\/v2\/pages"}],"about":[{"href":"https:\/\/juventinicn.com\/es\/wp-json\/wp\/v2\/types\/page"}],"author":[{"embeddable":true,"href":"https:\/\/juventinicn.com\/es\/wp-json\/wp\/v2\/users\/1"}],"replies":[{"embeddable":true,"href":"https:\/\/juventinicn.com\/es\/wp-json\/wp\/v2\/comments?post=26"}],"version-history":[{"count":77,"href":"https:\/\/juventinicn.com\/es\/wp-json\/wp\/v2\/pages\/26\/revisions"}],"predecessor-version":[{"id":1170,"href":"https:\/\/juventinicn.com\/es\/wp-json\/wp\/v2\/pages\/26\/revisions\/1170"}],"wp:attachment":[{"href":"https:\/\/juventinicn.com\/es\/wp-json\/wp\/v2\/media?parent=26"}],"curies":[{"name":"wp","href":"https:\/\/api.w.org\/{rel}","templated":true}]}}