{"id":30,"date":"2026-02-27T08:26:46","date_gmt":"2026-02-27T08:26:46","guid":{"rendered":"https:\/\/lavender-weasel-804745.hostingersite.com\/?page_id=30"},"modified":"2026-04-09T08:55:15","modified_gmt":"2026-04-09T08:55:15","slug":"blog","status":"publish","type":"page","link":"https:\/\/juventinicn.com\/es\/resources\/blog\/","title":{"rendered":"Blog"},"content":{"rendered":"<div data-elementor-type=\"wp-page\" data-elementor-id=\"30\" class=\"elementor elementor-30\" data-elementor-post-type=\"page\">\n\t\t\t\t<div class=\"elementor-element elementor-element-790eea9 e-flex e-con-boxed e-con e-parent\" data-id=\"790eea9\" data-element_type=\"container\" data-e-type=\"container\" data-settings=\"{&quot;background_background&quot;:&quot;classic&quot;}\">\n\t\t\t\t\t<div class=\"e-con-inner\">\n\t\t\t\t<div class=\"elementor-element elementor-element-ad8022c elementor-widget elementor-widget-heading\" data-id=\"ad8022c\" data-element_type=\"widget\" data-e-type=\"widget\" data-widget_type=\"heading.default\">\n\t\t\t\t\t<h2 class=\"elementor-heading-title elementor-size-default\">Knowledge Center<\/h2>\t\t\t\t<\/div>\n\t\t\t\t<div class=\"elementor-element elementor-element-859e809 elementor-widget elementor-widget-text-editor\" data-id=\"859e809\" data-element_type=\"widget\" data-e-type=\"widget\" data-widget_type=\"text-editor.default\">\n\t\t\t\t\t\t\t\t\t<p>Latest toaster industry insights, B2B import guides, and compliance updates.<\/p>\t\t\t\t\t\t\t\t<\/div>\n\t\t\t\t<div class=\"elementor-element elementor-element-ad87ded elementor-widget-divider--view-line elementor-widget elementor-widget-divider\" data-id=\"ad87ded\" data-element_type=\"widget\" data-e-type=\"widget\" data-widget_type=\"divider.default\">\n\t\t\t\t\t\t\t<div class=\"elementor-divider\">\n\t\t\t<span class=\"elementor-divider-separator\">\n\t\t\t\t\t\t<\/span>\n\t\t<\/div>\n\t\t\t\t\t\t<\/div>\n\t\t\t\t<div class=\"elementor-element elementor-element-4c00352 elementor-grid-1 elementor-posts--thumbnail-left elementor-grid-tablet-2 elementor-grid-mobile-1 elementor-widget elementor-widget-posts\" data-id=\"4c00352\" data-element_type=\"widget\" data-e-type=\"widget\" data-settings=\"{&quot;classic_columns&quot;:&quot;1&quot;,&quot;classic_row_gap&quot;:{&quot;unit&quot;:&quot;px&quot;,&quot;size&quot;:60,&quot;sizes&quot;:[]},&quot;classic_columns_tablet&quot;:&quot;2&quot;,&quot;classic_columns_mobile&quot;:&quot;1&quot;,&quot;classic_row_gap_tablet&quot;:{&quot;unit&quot;:&quot;px&quot;,&quot;size&quot;:&quot;&quot;,&quot;sizes&quot;:[]},&quot;classic_row_gap_mobile&quot;:{&quot;unit&quot;:&quot;px&quot;,&quot;size&quot;:&quot;&quot;,&quot;sizes&quot;:[]}}\" data-widget_type=\"posts.classic\">\n\t\t\t\t<div class=\"elementor-widget-container\">\n\t\t\t\t\t\t\t<div class=\"elementor-posts-container elementor-posts elementor-posts--skin-classic elementor-grid\" role=\"list\">\n\t\t\t\t<article class=\"elementor-post elementor-grid-item post-1208 post type-post status-publish format-standard has-post-thumbnail hentry category-es-noticias\" role=\"listitem\">\n\t\t\t\t<a class=\"elementor-post__thumbnail__link\" href=\"https:\/\/juventinicn.com\/es\/guia-evaluar-fabricante-tostadoras-china\/\" tabindex=\"-1\" >\n\t\t\t<div class=\"elementor-post__thumbnail\"><img fetchpriority=\"high\" decoding=\"async\" width=\"300\" height=\"300\" src=\"https:\/\/juventinicn.com\/wp-content\/uploads\/2026\/04\/juventini-bh021b-4-slot-stainless-steel-toaster-manufacturer-ce-rohs-fcm-300x300.webp\" class=\"attachment-medium size-medium wp-image-895\" alt=\"Fabricante de tostadoras BH-021B | 4 rebanadas acero inoxidable con 4 ranuras independientes | Certificaci\u00f3n CE RoHS FCM | Juventini al por mayor\" srcset=\"https:\/\/juventinicn.com\/wp-content\/uploads\/2026\/04\/juventini-bh021b-4-slot-stainless-steel-toaster-manufacturer-ce-rohs-fcm-300x300.webp 300w, https:\/\/juventinicn.com\/wp-content\/uploads\/2026\/04\/juventini-bh021b-4-slot-stainless-steel-toaster-manufacturer-ce-rohs-fcm-150x150.webp 150w, https:\/\/juventinicn.com\/wp-content\/uploads\/2026\/04\/juventini-bh021b-4-slot-stainless-steel-toaster-manufacturer-ce-rohs-fcm-768x768.webp 768w, https:\/\/juventinicn.com\/wp-content\/uploads\/2026\/04\/juventini-bh021b-4-slot-stainless-steel-toaster-manufacturer-ce-rohs-fcm-12x12.webp 12w, https:\/\/juventinicn.com\/wp-content\/uploads\/2026\/04\/juventini-bh021b-4-slot-stainless-steel-toaster-manufacturer-ce-rohs-fcm-600x600.webp 600w, https:\/\/juventinicn.com\/wp-content\/uploads\/2026\/04\/juventini-bh021b-4-slot-stainless-steel-toaster-manufacturer-ce-rohs-fcm-100x100.webp 100w, https:\/\/juventinicn.com\/wp-content\/uploads\/2026\/04\/juventini-bh021b-4-slot-stainless-steel-toaster-manufacturer-ce-rohs-fcm.webp 1024w\" sizes=\"(max-width: 300px) 100vw, 300px\" \/><\/div>\n\t\t<\/a>\n\t\t\t\t<div class=\"elementor-post__text\">\n\t\t\t\t<h3 class=\"elementor-post__title\">\n\t\t\t<a href=\"https:\/\/juventinicn.com\/es\/guia-evaluar-fabricante-tostadoras-china\/\" >\n\t\t\t\t\u00bfC\u00f3mo elegir un fabricante de tostadoras en China? Gu\u00eda estrat\u00e9gica para importadores B2B\t\t\t<\/a>\n\t\t<\/h3>\n\t\t\t\t<div class=\"elementor-post__meta-data\">\n\t\t\t\t\t<span class=\"elementor-post-date\">\n\t\t\tabril 9, 2026\t\t<\/span>\n\t\t\t\t<\/div>\n\t\t\t\t<div class=\"elementor-post__excerpt\">\n\t\t\t<p>Como un fabricante de tostadoras profesional en China, Juventini entiende que encontrar un socio confiable es el primer paso para garantizar el \u00e9xito de su<\/p>\n\t\t<\/div>\n\t\t\n\t\t<a class=\"elementor-post__read-more\" href=\"https:\/\/juventinicn.com\/es\/guia-evaluar-fabricante-tostadoras-china\/\" aria-label=\"M\u00e1s informaci\u00f3n sobre \u00bfC\u00f3mo elegir un fabricante de tostadoras en China? Gu\u00eda estrat\u00e9gica para importadores B2B\" tabindex=\"-1\" >\n\t\t\tRead Full Article \u2192\t\t<\/a>\n\n\t\t\t\t<\/div>\n\t\t\t\t<\/article>\n\t\t\t\t<\/div>\n\t\t\n\t\t\t\t\t\t<\/div>\n\t\t\t\t<\/div>\n\t\t\t\t\t<\/div>\n\t\t\t\t<\/div>\n\t\t<div class=\"elementor-element elementor-element-61e18ac e-con-full e-flex e-con e-parent\" data-id=\"61e18ac\" data-element_type=\"container\" data-e-type=\"container\" data-settings=\"{&quot;background_background&quot;:&quot;classic&quot;}\">\n\t\t\t\t<div class=\"elementor-element elementor-element-d177660 elementor-widget elementor-widget-heading\" data-id=\"d177660\" data-element_type=\"widget\" data-e-type=\"widget\" data-widget_type=\"heading.default\">\n\t\t\t\t\t<h3 class=\"elementor-heading-title elementor-size-default\">Ready to explore our 2026 Toaster collection?<\/h3>\t\t\t\t<\/div>\n\t\t\t\t<div class=\"elementor-element elementor-element-c90b392 elementor-widget elementor-widget-button\" data-id=\"c90b392\" data-element_type=\"widget\" data-e-type=\"widget\" data-widget_type=\"button.default\">\n\t\t\t\t\t\t\t\t\t\t<a class=\"elementor-button elementor-button-link elementor-size-sm\" href=\"#\">\n\t\t\t\t\t\t<span class=\"elementor-button-content-wrapper\">\n\t\t\t\t\t\t\t\t\t<span class=\"elementor-button-text\">Descargar Cat\u00e1logo<\/span>\n\t\t\t\t\t<\/span>\n\t\t\t\t\t<\/a>\n\t\t\t\t\t\t\t\t<\/div>\n\t\t\t\t<div class=\"elementor-element elementor-element-9114325 elementor-widget elementor-widget-button\" data-id=\"9114325\" data-element_type=\"widget\" data-e-type=\"widget\" data-widget_type=\"button.default\">\n\t\t\t\t\t\t\t\t\t\t<a class=\"elementor-button elementor-button-link elementor-size-sm\" href=\"#footer-quote-form\">\n\t\t\t\t\t\t<span class=\"elementor-button-content-wrapper\">\n\t\t\t\t\t\t\t\t\t<span class=\"elementor-button-text\">Solicitar cotizaci\u00f3n<\/span>\n\t\t\t\t\t<\/span>\n\t\t\t\t\t<\/a>\n\t\t\t\t\t\t\t\t<\/div>\n\t\t\t\t<\/div>\n\t\t\t\t<\/div>","protected":false},"excerpt":{"rendered":"<p>Knowledge Center Latest toaster industry insights, B2B import guides, and compliance updates. Ready to explore our 2026 Toaster collection? Download Catalog Get a Quote<\/p>","protected":false},"author":1,"featured_media":0,"parent":28,"menu_order":0,"comment_status":"closed","ping_status":"closed","template":"","meta":{"_kadence_starter_templates_imported_post":false,"_kad_post_transparent":"default","_kad_post_title":"hide","_kad_post_layout":"fullwidth","_kad_post_sidebar_id":"","_kad_post_content_style":"unboxed","_kad_post_vertical_padding":"hide","_kad_post_feature":"hide","_kad_post_feature_position":"","_kad_post_header":false,"_kad_post_footer":false,"_kad_post_classname":"","footnotes":""},"class_list":["post-30","page","type-page","status-publish","hentry"],"yoast_head":"<!-- This site is optimized with the Yoast SEO plugin v27.0 - https:\/\/yoast.com\/product\/yoast-seo-wordpress\/ -->\n<title>Blog - Toaster Factory in China<\/title>\n<meta name=\"robots\" content=\"index, follow, max-snippet:-1, max-image-preview:large, max-video-preview:-1\" \/>\n<link rel=\"canonical\" href=\"https:\/\/juventinicn.com\/es\/resources\/blog\/\" \/>\n<meta property=\"og:locale\" content=\"es_ES\" \/>\n<meta property=\"og:type\" content=\"article\" \/>\n<meta property=\"og:title\" content=\"Blog - Toaster Factory in China\" \/>\n<meta property=\"og:description\" content=\"Knowledge Center Latest toaster industry insights, B2B import guides, and compliance updates. Ready to explore our 2026 Toaster collection? Download Catalog Get a Quote\" \/>\n<meta property=\"og:url\" content=\"https:\/\/juventinicn.com\/es\/resources\/blog\/\" \/>\n<meta property=\"og:site_name\" content=\"Toaster Factory in China\" \/>\n<meta property=\"article:modified_time\" content=\"2026-04-09T08:55:15+00:00\" \/>\n<meta name=\"twitter:card\" content=\"summary_large_image\" \/>\n<meta name=\"twitter:label1\" content=\"Tiempo de lectura\" \/>\n\t<meta name=\"twitter:data1\" content=\"1 minuto\" \/>\n<script type=\"application\/ld+json\" class=\"yoast-schema-graph\">{\"@context\":\"https:\/\/schema.org\",\"@graph\":[{\"@type\":\"WebPage\",\"@id\":\"https:\/\/juventinicn.com\/resources\/blog\/\",\"url\":\"https:\/\/juventinicn.com\/resources\/blog\/\",\"name\":\"Blog - Toaster Factory in China\",\"isPartOf\":{\"@id\":\"https:\/\/juventinicn.com\/#website\"},\"datePublished\":\"2026-02-27T08:26:46+00:00\",\"dateModified\":\"2026-04-09T08:55:15+00:00\",\"breadcrumb\":{\"@id\":\"https:\/\/juventinicn.com\/resources\/blog\/#breadcrumb\"},\"inLanguage\":\"es\",\"potentialAction\":[{\"@type\":\"ReadAction\",\"target\":[\"https:\/\/juventinicn.com\/resources\/blog\/\"]}]},{\"@type\":\"BreadcrumbList\",\"@id\":\"https:\/\/juventinicn.com\/resources\/blog\/#breadcrumb\",\"itemListElement\":[{\"@type\":\"ListItem\",\"position\":1,\"name\":\"Home\",\"item\":\"https:\/\/juventinicn.com\/\"},{\"@type\":\"ListItem\",\"position\":2,\"name\":\"Resources\",\"item\":\"https:\/\/lavender-weasel-804745.hostingersite.com\/resources\/\"},{\"@type\":\"ListItem\",\"position\":3,\"name\":\"Blog\"}]},{\"@type\":\"WebSite\",\"@id\":\"https:\/\/juventinicn.com\/#website\",\"url\":\"https:\/\/juventinicn.com\/\",\"name\":\"Toaster Factory in China\",\"description\":\"Toaster factory in China\",\"publisher\":{\"@id\":\"https:\/\/juventinicn.com\/#organization\"},\"potentialAction\":[{\"@type\":\"SearchAction\",\"target\":{\"@type\":\"EntryPoint\",\"urlTemplate\":\"https:\/\/juventinicn.com\/?s={search_term_string}\"},\"query-input\":{\"@type\":\"PropertyValueSpecification\",\"valueRequired\":true,\"valueName\":\"search_term_string\"}}],\"inLanguage\":\"es\"},{\"@type\":\"Organization\",\"@id\":\"https:\/\/juventinicn.com\/#organization\",\"name\":\"Toaster Factory in China\",\"url\":\"https:\/\/juventinicn.com\/\",\"logo\":{\"@type\":\"ImageObject\",\"inLanguage\":\"es\",\"@id\":\"https:\/\/juventinicn.com\/#\/schema\/logo\/image\/\",\"url\":\"https:\/\/juventinicn.com\/wp-content\/uploads\/2026\/04\/juventini-toaster-manufacturer-china-logo.webp\",\"contentUrl\":\"https:\/\/juventinicn.com\/wp-content\/uploads\/2026\/04\/juventini-toaster-manufacturer-china-logo.webp\",\"width\":825,\"height\":113,\"caption\":\"Toaster Factory in China\"},\"image\":{\"@id\":\"https:\/\/juventinicn.com\/#\/schema\/logo\/image\/\"}}]}<\/script>\n<!-- \/ Yoast SEO plugin. -->","yoast_head_json":{"title":"Blog - Toaster Factory in China","robots":{"index":"index","follow":"follow","max-snippet":"max-snippet:-1","max-image-preview":"max-image-preview:large","max-video-preview":"max-video-preview:-1"},"canonical":"https:\/\/juventinicn.com\/es\/resources\/blog\/","og_locale":"es_ES","og_type":"article","og_title":"Blog - Toaster Factory in China","og_description":"Knowledge Center Latest toaster industry insights, B2B import guides, and compliance updates. Ready to explore our 2026 Toaster collection? Download Catalog Get a Quote","og_url":"https:\/\/juventinicn.com\/es\/resources\/blog\/","og_site_name":"Toaster Factory in China","article_modified_time":"2026-04-09T08:55:15+00:00","twitter_card":"summary_large_image","twitter_misc":{"Tiempo de lectura":"1 minuto"},"schema":{"@context":"https:\/\/schema.org","@graph":[{"@type":"WebPage","@id":"https:\/\/juventinicn.com\/resources\/blog\/","url":"https:\/\/juventinicn.com\/resources\/blog\/","name":"Blog - Toaster Factory in China","isPartOf":{"@id":"https:\/\/juventinicn.com\/#website"},"datePublished":"2026-02-27T08:26:46+00:00","dateModified":"2026-04-09T08:55:15+00:00","breadcrumb":{"@id":"https:\/\/juventinicn.com\/resources\/blog\/#breadcrumb"},"inLanguage":"es","potentialAction":[{"@type":"ReadAction","target":["https:\/\/juventinicn.com\/resources\/blog\/"]}]},{"@type":"BreadcrumbList","@id":"https:\/\/juventinicn.com\/resources\/blog\/#breadcrumb","itemListElement":[{"@type":"ListItem","position":1,"name":"Home","item":"https:\/\/juventinicn.com\/"},{"@type":"ListItem","position":2,"name":"Resources","item":"https:\/\/lavender-weasel-804745.hostingersite.com\/resources\/"},{"@type":"ListItem","position":3,"name":"Blog"}]},{"@type":"WebSite","@id":"https:\/\/juventinicn.com\/#website","url":"https:\/\/juventinicn.com\/","name":"F\u00e1brica de tostadoras en China","description":"F\u00e1brica de tostadoras en China","publisher":{"@id":"https:\/\/juventinicn.com\/#organization"},"potentialAction":[{"@type":"SearchAction","target":{"@type":"EntryPoint","urlTemplate":"https:\/\/juventinicn.com\/?s={search_term_string}"},"query-input":{"@type":"PropertyValueSpecification","valueRequired":true,"valueName":"search_term_string"}}],"inLanguage":"es"},{"@type":"Organization","@id":"https:\/\/juventinicn.com\/#organization","name":"F\u00e1brica de tostadoras en China","url":"https:\/\/juventinicn.com\/","logo":{"@type":"ImageObject","inLanguage":"es","@id":"https:\/\/juventinicn.com\/#\/schema\/logo\/image\/","url":"https:\/\/juventinicn.com\/wp-content\/uploads\/2026\/04\/juventini-toaster-manufacturer-china-logo.webp","contentUrl":"https:\/\/juventinicn.com\/wp-content\/uploads\/2026\/04\/juventini-toaster-manufacturer-china-logo.webp","width":825,"height":113,"caption":"Toaster Factory in China"},"image":{"@id":"https:\/\/juventinicn.com\/#\/schema\/logo\/image\/"}}]}},"_hostinger_reach_plugin_has_subscription_block":false,"_hostinger_reach_plugin_is_elementor":false,"_links":{"self":[{"href":"https:\/\/juventinicn.com\/es\/wp-json\/wp\/v2\/pages\/30","targetHints":{"allow":["GET"]}}],"collection":[{"href":"https:\/\/juventinicn.com\/es\/wp-json\/wp\/v2\/pages"}],"about":[{"href":"https:\/\/juventinicn.com\/es\/wp-json\/wp\/v2\/types\/page"}],"author":[{"embeddable":true,"href":"https:\/\/juventinicn.com\/es\/wp-json\/wp\/v2\/users\/1"}],"replies":[{"embeddable":true,"href":"https:\/\/juventinicn.com\/es\/wp-json\/wp\/v2\/comments?post=30"}],"version-history":[{"count":13,"href":"https:\/\/juventinicn.com\/es\/wp-json\/wp\/v2\/pages\/30\/revisions"}],"predecessor-version":[{"id":1231,"href":"https:\/\/juventinicn.com\/es\/wp-json\/wp\/v2\/pages\/30\/revisions\/1231"}],"up":[{"embeddable":true,"href":"https:\/\/juventinicn.com\/es\/wp-json\/wp\/v2\/pages\/28"}],"wp:attachment":[{"href":"https:\/\/juventinicn.com\/es\/wp-json\/wp\/v2\/media?parent=30"}],"curies":[{"name":"wp","href":"https:\/\/api.w.org\/{rel}","templated":true}]}}